{"id":970,"date":"2020-08-13T15:06:12","date_gmt":"2020-08-13T15:06:12","guid":{"rendered":"https:\/\/res-miramar.be\/termes-et-conditions\/"},"modified":"2023-11-28T22:54:04","modified_gmt":"2023-11-28T22:54:04","slug":"termes-et-conditions","status":"publish","type":"page","link":"https:\/\/villa-georges-theunis.be\/fr\/termes-et-conditions\/","title":{"rendered":"Termes et conditions"},"content":{"rendered":"\t\t<div data-elementor-type=\"wp-page\" data-elementor-id=\"970\" class=\"elementor elementor-970 elementor-965\">\n\t\t\t\t\t\t\t\t\t<section class=\"elementor-section elementor-top-section elementor-element elementor-element-9ab6632 elementor-section-boxed elementor-section-height-default elementor-section-height-default\" data-id=\"9ab6632\" data-element_type=\"section\">\n\t\t\t\t\t\t<div class=\"elementor-container elementor-column-gap-default\">\n\t\t\t\t\t<div class=\"elementor-column elementor-col-100 elementor-top-column elementor-element elementor-element-0390211\" data-id=\"0390211\" data-element_type=\"column\">\n\t\t\t<div class=\"elementor-widget-wrap elementor-element-populated\">\n\t\t\t\t\t\t\t\t<div class=\"elementor-element elementor-element-d2af009 elementor-widget elementor-widget-text-editor\" data-id=\"d2af009\" data-element_type=\"widget\" data-widget_type=\"text-editor.default\">\n\t\t\t\t<div class=\"elementor-widget-container\">\n\t\t\t\t\t\t\t<h2>Politique d&rsquo;annulation<\/h2>\n<p>Si l&rsquo;annulation intervient 60 jours avant le d\u00e9but de la p\u00e9riode r\u00e9serv\u00e9e, l&rsquo;acompte et le loyer d\u00e9j\u00e0 pay\u00e9s seront int\u00e9gralement rembours\u00e9s.<\/p>\n<p>Si l&rsquo;annulation a lieu dans les 60 jours avant le d\u00e9but de la p\u00e9riode r\u00e9serv\u00e9e, l&rsquo;avance peut \u00eatre utilis\u00e9e pour donner une remise de derni\u00e8re minute au nouveau client. Le solde de l&rsquo;acompte et du loyer pay\u00e9 sera int\u00e9gralement rembours\u00e9 quand l&rsquo;appartement est lou\u00e9 \u00e0 nouveau.<\/p>\n<p>Si aucun nouveau client n&rsquo;est trouv\u00e9, la totalit\u00e9 du loyer doit \u00eatre pay\u00e9e.<\/p>\n<p>&nbsp;<\/p>\n<h2>Autres<\/h2>\n<p>Les animaux ne sont pas accept\u00e9s. L&rsquo;amende est de 250 \u20ac par jour.<br \/>\nLes appartements sont non-fumeurs.<\/p>\n\t\t\t\t\t\t<\/div>\n\t\t\t\t<\/div>\n\t\t\t\t\t<\/div>\n\t\t<\/div>\n\t\t\t\t\t\t\t<\/div>\n\t\t<\/section>\n\t\t\t\t\t\t\t<\/div>\n\t\t","protected":false},"excerpt":{"rendered":"<p>Politique d&rsquo;annulation Si l&rsquo;annulation intervient 60 jours avant le d\u00e9but de la p\u00e9riode r\u00e9serv\u00e9e, l&rsquo;acompte et le loyer d\u00e9j\u00e0 pay\u00e9s seront int\u00e9gralement rembours\u00e9s. Si l&rsquo;annulation a lieu dans les 60 jours avant le d\u00e9but de la p\u00e9riode r\u00e9serv\u00e9e, l&rsquo;avance peut &hellip; <a href=\"https:\/\/villa-georges-theunis.be\/fr\/termes-et-conditions\/\">Read More<\/a><\/p>\n","protected":false},"author":1,"featured_media":0,"parent":0,"menu_order":16,"comment_status":"closed","ping_status":"closed","template":"","meta":{"footnotes":""},"_links":{"self":[{"href":"https:\/\/villa-georges-theunis.be\/fr\/wp-json\/wp\/v2\/pages\/970"}],"collection":[{"href":"https:\/\/villa-georges-theunis.be\/fr\/wp-json\/wp\/v2\/pages"}],"about":[{"href":"https:\/\/villa-georges-theunis.be\/fr\/wp-json\/wp\/v2\/types\/page"}],"author":[{"embeddable":true,"href":"https:\/\/villa-georges-theunis.be\/fr\/wp-json\/wp\/v2\/users\/1"}],"replies":[{"embeddable":true,"href":"https:\/\/villa-georges-theunis.be\/fr\/wp-json\/wp\/v2\/comments?post=970"}],"version-history":[{"count":3,"href":"https:\/\/villa-georges-theunis.be\/fr\/wp-json\/wp\/v2\/pages\/970\/revisions"}],"predecessor-version":[{"id":2507,"href":"https:\/\/villa-georges-theunis.be\/fr\/wp-json\/wp\/v2\/pages\/970\/revisions\/2507"}],"wp:attachment":[{"href":"https:\/\/villa-georges-theunis.be\/fr\/wp-json\/wp\/v2\/media?parent=970"}],"curies":[{"name":"wp","href":"https:\/\/api.w.org\/{rel}","templated":true}]}}