{"id":940,"date":"2020-08-10T22:23:35","date_gmt":"2020-08-10T22:23:35","guid":{"rendered":"https:\/\/res-miramar.be\/politique-de-confidentialite\/"},"modified":"2023-11-28T22:54:03","modified_gmt":"2023-11-28T22:54:03","slug":"politique-de-confidentialite","status":"publish","type":"page","link":"https:\/\/villa-georges-theunis.be\/fr\/politique-de-confidentialite\/","title":{"rendered":"Politique de confidentialit\u00e9"},"content":{"rendered":"\t\t<div data-elementor-type=\"wp-page\" data-elementor-id=\"940\" class=\"elementor elementor-940 elementor-3\">\n\t\t\t\t\t\t\t\t\t<section class=\"elementor-section elementor-top-section elementor-element elementor-element-1571b7bd elementor-section-boxed elementor-section-height-default elementor-section-height-default\" data-id=\"1571b7bd\" data-element_type=\"section\">\n\t\t\t\t\t\t<div class=\"elementor-container elementor-column-gap-default\">\n\t\t\t\t\t<div class=\"elementor-column elementor-col-100 elementor-top-column elementor-element elementor-element-3a359116\" data-id=\"3a359116\" data-element_type=\"column\">\n\t\t\t<div class=\"elementor-widget-wrap elementor-element-populated\">\n\t\t\t\t\t\t\t\t<div class=\"elementor-element elementor-element-3234435 elementor-widget elementor-widget-text-editor\" data-id=\"3234435\" data-element_type=\"widget\" data-widget_type=\"text-editor.default\">\n\t\t\t\t<div class=\"elementor-widget-container\">\n\t\t\t\t\t\t\t<p><\/p>\n<p>La Villa Georges Theunis, situ\u00e9e Koninklijke Baan 55 B, 8420 De Haan, est responsable du traitement des donn\u00e9es personnelles comme indiqu\u00e9 dans cette d\u00e9claration de confidentialit\u00e9.<\/p>\n<h2>D\u00e9tails du contact:<\/h2>\n<p><a href=\"https:\/\/www.res-miramar.be\" target=\"_blank\" rel=\"noopener\">https:\/\/www.villa-georges-theunis.be<\/a>, situ\u00e9 Koninklijke Baan 55 B<\/p>\n<p>8420 De Haan<\/p>\n<p>32 475816174<\/p>\n<p>Eddy Vandenbriele est le d\u00e9l\u00e9gu\u00e9 \u00e0 la protection des donn\u00e9es de ce site Web. Il peut \u00eatre contact\u00e9 via <a href=\"mailto:eddy.vandenbriele@telenet.be\">eddy.vandenbriele@telenet.be<\/a><\/p>\n<h2>Dans quel but et sur quelle base nous traitons les donn\u00e9es personnelles<\/h2>\n<p>Residentie Miramar traite uniquement les donn\u00e9es personnelles n\u00e9cessaires aux fins suivantes:<\/p>\n<ul>\n<li>Traitement de votre paiement<\/li>\n<li>Envoi de publicit\u00e9<\/li>\n<li>Pour pouvoir vous appeler ou vous envoyer un e-mail si n\u00e9cessaire pour effectuer nos services<\/li>\n<\/ul>\n<p>Nous n&rsquo;utilisons pas de plugins de r\u00e9seaux sociaux.<\/p>\n<p>Les donn\u00e9es personnelles ne sont pas partag\u00e9es avec des tiers.<\/p>\n<h2>Prise de d\u00e9cision automatis\u00e9e<\/h2>\n<p>Residentie Miramar ne prend pas de d\u00e9cisions bas\u00e9es sur un traitement automatis\u00e9 sur des sujets pouvant avoir des cons\u00e9quences pour les personnes. Ce sont des d\u00e9cisions prises par des programmes ou des syst\u00e8mes informatiques, sans impliquer une personne (par exemple, un employ\u00e9 de Residentie Miramar).<\/p>\n<h2>Combien de temps conservons-nous les donn\u00e9es personnelles<\/h2>\n<p>Residence Miramar ne stocke vos donn\u00e9es personnelles que pour pouvoir vous envoyer de la publicit\u00e9 par e-mail ou pour passer un appel t\u00e9l\u00e9phonique et ce tant que vous choisissez de ne plus \u00eatre contact\u00e9.<\/p>\n<h2>Cookies, ou techniques similaires, que nous utilisons<\/h2>\n<p>Residence Miramar utilise uniquement des cookies techniques et fonctionnels. Et des cookies analytiques qui ne portent pas atteinte \u00e0 votre vie priv\u00e9e. Un cookie est un petit fichier texte qui est stock\u00e9 sur votre ordinateur, tablette ou smartphone lors de votre premi\u00e8re visite sur ce site. Les cookies que nous utilisons sont n\u00e9cessaires au fonctionnement technique du site et \u00e0 votre facilit\u00e9 d&rsquo;utilisation. Ils s&rsquo;assurent que le site Web fonctionne correctement et, par exemple, m\u00e9morisent vos param\u00e8tres pr\u00e9f\u00e9r\u00e9s. Nous pouvons \u00e9galement optimiser notre site Web avec cela. Vous pouvez d\u00e9sactiver les cookies en param\u00e9trant votre navigateur Internet afin qu&rsquo;il ne stocke plus de cookies. De plus, vous pouvez \u00e9galement supprimer toutes les informations pr\u00e9c\u00e9demment enregistr\u00e9es via les param\u00e8tres de votre navigateur.<\/p>\n<h2>Afficher, modifier ou supprimer des donn\u00e9es<\/h2>\n<p>Vous avez le droit de consulter, de corriger ou de supprimer vos donn\u00e9es personnelles. Vous avez \u00e9galement le droit de retirer votre consentement au traitement des donn\u00e9es ou de vous opposer au traitement de vos donn\u00e9es personnelles par Residentie Miramar et vous avez le droit \u00e0 la portabilit\u00e9 des donn\u00e9es. Cela signifie que vous pouvez nous soumettre une demande d&rsquo;envoi des donn\u00e9es personnelles que nous d\u00e9tenons \u00e0 votre sujet dans un fichier informatique \u00e0 vous ou \u00e0 une autre organisation que vous avez mentionn\u00e9e.<\/p>\n<p>Vous pouvez envoyer une demande d&rsquo;acc\u00e8s, de correction, de suppression, de transfert de donn\u00e9es de vos donn\u00e9es personnelles ou une demande d&rsquo;annulation de votre consentement ou d&rsquo;opposition au traitement de vos donn\u00e9es personnelles \u00e0 <a href=\"mailto:eddy.vandenbriele@telenet.be\">eddy.vandenbriele@telenet.be<\/a>. Pour vous assurer que la demande d&rsquo;acc\u00e8s a bien \u00e9t\u00e9 faite par vous, nous vous demandons d&rsquo;envoyer une copie de votre pi\u00e8ce d&rsquo;identit\u00e9 avec la demande.<\/p>\n<p>La R\u00e9sidence Miramar tient \u00e9galement \u00e0 souligner que vous avez la possibilit\u00e9 de d\u00e9poser une plainte aupr\u00e8s de l&rsquo;autorit\u00e9 nationale de surveillance.<\/p>\n<h2>Comment nous s\u00e9curisons les donn\u00e9es personnelles<\/h2>\n<p>Residentie Miramar prend la protection de vos donn\u00e9es au s\u00e9rieux et prend les mesures appropri\u00e9es pour \u00e9viter les abus, les pertes, les acc\u00e8s non autoris\u00e9s, les divulgations non d\u00e9sir\u00e9es et les modifications non autoris\u00e9es. Si vous avez l&rsquo;impression que vos donn\u00e9es ne sont pas correctement s\u00e9curis\u00e9es ou s&rsquo;il y a des indices d&rsquo;abus, veuillez contacter <a href=\"mailto:eddy.vandenbriele@telenet.be\">eddy.vandenbriele@telenet.be<\/a>.<\/p>\n<p>The <a href=\"https:\/\/textfancy.com\/emoji\/\" target=\"_blank\" rel=\"nofollow noopener\">best emoji picker<\/a> will help you add small colored character images to your text.<\/p>\n<p><\/p>\n\t\t\t\t\t\t<\/div>\n\t\t\t\t<\/div>\n\t\t\t\t\t<\/div>\n\t\t<\/div>\n\t\t\t\t\t\t\t<\/div>\n\t\t<\/section>\n\t\t\t\t\t\t\t<\/div>\n\t\t","protected":false},"excerpt":{"rendered":"<p>La Villa Georges Theunis, situ\u00e9e Koninklijke Baan 55 B, 8420 De Haan, est responsable du traitement des donn\u00e9es personnelles comme indiqu\u00e9 dans cette d\u00e9claration de confidentialit\u00e9. D\u00e9tails du contact: https:\/\/www.villa-georges-theunis.be, situ\u00e9 Koninklijke Baan 55 B 8420 De Haan 32 475816174 &hellip; <a href=\"https:\/\/villa-georges-theunis.be\/fr\/politique-de-confidentialite\/\">Read More<\/a><\/p>\n","protected":false},"author":1,"featured_media":0,"parent":0,"menu_order":13,"comment_status":"closed","ping_status":"open","template":"","meta":{"footnotes":""},"_links":{"self":[{"href":"https:\/\/villa-georges-theunis.be\/fr\/wp-json\/wp\/v2\/pages\/940"}],"collection":[{"href":"https:\/\/villa-georges-theunis.be\/fr\/wp-json\/wp\/v2\/pages"}],"about":[{"href":"https:\/\/villa-georges-theunis.be\/fr\/wp-json\/wp\/v2\/types\/page"}],"author":[{"embeddable":true,"href":"https:\/\/villa-georges-theunis.be\/fr\/wp-json\/wp\/v2\/users\/1"}],"replies":[{"embeddable":true,"href":"https:\/\/villa-georges-theunis.be\/fr\/wp-json\/wp\/v2\/comments?post=940"}],"version-history":[{"count":5,"href":"https:\/\/villa-georges-theunis.be\/fr\/wp-json\/wp\/v2\/pages\/940\/revisions"}],"predecessor-version":[{"id":1548,"href":"https:\/\/villa-georges-theunis.be\/fr\/wp-json\/wp\/v2\/pages\/940\/revisions\/1548"}],"wp:attachment":[{"href":"https:\/\/villa-georges-theunis.be\/fr\/wp-json\/wp\/v2\/media?parent=940"}],"curies":[{"name":"wp","href":"https:\/\/api.w.org\/{rel}","templated":true}]}}