{"id":821,"date":"2020-08-07T21:36:39","date_gmt":"2020-08-07T21:36:39","guid":{"rendered":"https:\/\/res-miramar.be\/de-haan-le-coq\/"},"modified":"2023-11-28T22:54:03","modified_gmt":"2023-11-28T22:54:03","slug":"de-haan-le-coq","status":"publish","type":"page","link":"https:\/\/villa-georges-theunis.be\/fr\/de-haan-le-coq\/","title":{"rendered":"De Haan \u2013 Le Coq"},"content":{"rendered":"\t\t<div data-elementor-type=\"wp-page\" data-elementor-id=\"821\" class=\"elementor elementor-821 elementor-387\">\n\t\t\t\t\t\t\t\t\t<section class=\"elementor-section elementor-top-section elementor-element elementor-element-bd797be elementor-section-boxed elementor-section-height-default elementor-section-height-default\" data-id=\"bd797be\" data-element_type=\"section\">\n\t\t\t\t\t\t<div class=\"elementor-container elementor-column-gap-default\">\n\t\t\t\t\t<div class=\"elementor-column elementor-col-100 elementor-top-column elementor-element elementor-element-dc499a3\" data-id=\"dc499a3\" data-element_type=\"column\">\n\t\t\t<div class=\"elementor-widget-wrap elementor-element-populated\">\n\t\t\t\t\t\t\t\t<div class=\"elementor-element elementor-element-c8696ed elementor-widget elementor-widget-spacer\" data-id=\"c8696ed\" data-element_type=\"widget\" data-widget_type=\"spacer.default\">\n\t\t\t\t<div class=\"elementor-widget-container\">\n\t\t\t\t\t<div class=\"elementor-spacer\">\n\t\t\t<div class=\"elementor-spacer-inner\"><\/div>\n\t\t<\/div>\n\t\t\t\t<\/div>\n\t\t\t\t<\/div>\n\t\t\t\t<div class=\"elementor-element elementor-element-8eb71ac elementor-view-default elementor-position-top elementor-widget elementor-widget-themo-header\" data-id=\"8eb71ac\" data-element_type=\"widget\" data-widget_type=\"themo-header.default\">\n\t\t\t\t<div class=\"elementor-widget-container\">\n\t\t\t\t\t<div class=\"th-header-wrap\">\n        <div class=\"elementor-icon-box-wrapper \">\n                            <div class=\"elementor-icon-box-content\">\n                    <h1 class=\"elementor-icon-box-title\">\n                        De Haan \u2013 Le Coq                    <\/h1>\n                                            <span class=\"th-header-divider\"><\/span>\n                                        <p class=\"elementor-icon-box-description\">Mer, plage, dunes, for\u00eats et villas belle \u00e9poque\u2026.<\/p>\n\n                                    <\/div>\n            <\/div>\n\n        <\/div>\n\n\t\t\t\t<\/div>\n\t\t\t\t<\/div>\n\t\t\t\t<section class=\"elementor-section elementor-inner-section elementor-element elementor-element-2860649 elementor-section-boxed elementor-section-height-default elementor-section-height-default\" data-id=\"2860649\" data-element_type=\"section\">\n\t\t\t\t\t\t<div class=\"elementor-container elementor-column-gap-default\">\n\t\t\t\t\t<div class=\"elementor-column elementor-col-50 elementor-inner-column elementor-element elementor-element-b7d0c88\" data-id=\"b7d0c88\" data-element_type=\"column\">\n\t\t\t<div class=\"elementor-widget-wrap elementor-element-populated\">\n\t\t\t\t\t\t\t\t<div class=\"elementor-element elementor-element-173a6e4 elementor-widget elementor-widget-heading\" data-id=\"173a6e4\" data-element_type=\"widget\" data-widget_type=\"heading.default\">\n\t\t\t\t<div class=\"elementor-widget-container\">\n\t\t\t<h2 class=\"elementor-heading-title elementor-size-large\">De Haan, plus de 100 ans d'histoire.<\/h2>\t\t<\/div>\n\t\t\t\t<\/div>\n\t\t\t\t<div class=\"elementor-element elementor-element-6650df8 elementor-widget elementor-widget-text-editor\" data-id=\"6650df8\" data-element_type=\"widget\" data-widget_type=\"text-editor.default\">\n\t\t\t\t<div class=\"elementor-widget-container\">\n\t\t\t\t\t\t\t<p style=\"font-size: 18px; line-height: 2;\">De Haan est une agr\u00e9able station baln\u00e9aire familiale construite dans les dunes il y a plus de 100 ans. Suite \u00e0 la protection du patrimoine immobilier et des r\u00e9glementations d&rsquo;urbanisation strictes, vous pouvez d\u00e9sormais vous promener entre les villas pittoresques de la Belle \u00c9poque. Il n&rsquo;y a pas d\u2019immeubles de grande hauteur, m\u00eame pas sur la digue. Dans le pass\u00e9 des personnalit\u00e9s telles que James Ensor, Albert Einstein, Alfons Blomme et Paul-Henri Spaak se sont retrouv\u00e9es ici. Les\u00a0 b\u00e2timents magnifiques t\u00e9moignent d&rsquo;un pass\u00e9 glorieux.<\/p>\n\t\t\t\t\t\t<\/div>\n\t\t\t\t<\/div>\n\t\t\t\t\t<\/div>\n\t\t<\/div>\n\t\t\t\t<div class=\"elementor-column elementor-col-50 elementor-inner-column elementor-element elementor-element-107a7b1\" data-id=\"107a7b1\" data-element_type=\"column\">\n\t\t\t<div class=\"elementor-widget-wrap elementor-element-populated\">\n\t\t\t\t\t\t\t\t<div class=\"elementor-element elementor-element-0ca4c4a elementor-widget elementor-widget-image\" data-id=\"0ca4c4a\" data-element_type=\"widget\" data-widget_type=\"image.default\">\n\t\t\t\t<div class=\"elementor-widget-container\">\n\t\t\t\t\t\t\t\t\t\t\t\t\t\t\t<img decoding=\"async\" loading=\"lazy\" width=\"394\" height=\"394\" src=\"https:\/\/villa-georges-theunis.be\/wp-content\/uploads\/2020\/08\/logo-de-haan-394x394.jpg\" class=\"attachment-th_img_sm_square size-th_img_sm_square wp-image-470\" alt=\"\" srcset=\"https:\/\/villa-georges-theunis.be\/wp-content\/uploads\/2020\/08\/logo-de-haan-394x394.jpg 394w, https:\/\/villa-georges-theunis.be\/wp-content\/uploads\/2020\/08\/logo-de-haan-300x300.jpg 300w, https:\/\/villa-georges-theunis.be\/wp-content\/uploads\/2020\/08\/logo-de-haan-150x150.jpg 150w, https:\/\/villa-georges-theunis.be\/wp-content\/uploads\/2020\/08\/logo-de-haan-768x768.jpg 768w, https:\/\/villa-georges-theunis.be\/wp-content\/uploads\/2020\/08\/logo-de-haan-33x33.jpg 33w, https:\/\/villa-georges-theunis.be\/wp-content\/uploads\/2020\/08\/logo-de-haan-80x80.jpg 80w, https:\/\/villa-georges-theunis.be\/wp-content\/uploads\/2020\/08\/logo-de-haan-303x303.jpg 303w, https:\/\/villa-georges-theunis.be\/wp-content\/uploads\/2020\/08\/logo-de-haan-605x605.jpg 605w, https:\/\/villa-georges-theunis.be\/wp-content\/uploads\/2020\/08\/logo-de-haan-700x700.jpg 700w, https:\/\/villa-georges-theunis.be\/wp-content\/uploads\/2020\/08\/logo-de-haan-950x950.jpg 950w, https:\/\/villa-georges-theunis.be\/wp-content\/uploads\/2020\/08\/logo-de-haan.jpg 1000w\" sizes=\"(max-width: 394px) 100vw, 394px\" \/>\t\t\t\t\t\t\t\t\t\t\t\t\t\t\t<\/div>\n\t\t\t\t<\/div>\n\t\t\t\t\t<\/div>\n\t\t<\/div>\n\t\t\t\t\t\t\t<\/div>\n\t\t<\/section>\n\t\t\t\t\t<\/div>\n\t\t<\/div>\n\t\t\t\t\t\t\t<\/div>\n\t\t<\/section>\n\t\t\t\t<section class=\"elementor-section elementor-top-section elementor-element elementor-element-76a213c elementor-section-boxed elementor-section-height-default elementor-section-height-default\" data-id=\"76a213c\" data-element_type=\"section\">\n\t\t\t\t\t\t<div class=\"elementor-container elementor-column-gap-default\">\n\t\t\t\t\t<div class=\"elementor-column elementor-col-100 elementor-top-column elementor-element elementor-element-c2a4cc0\" data-id=\"c2a4cc0\" data-element_type=\"column\">\n\t\t\t<div class=\"elementor-widget-wrap elementor-element-populated\">\n\t\t\t\t\t\t\t\t<div class=\"elementor-element elementor-element-2c62c94 elementor-widget elementor-widget-spacer\" data-id=\"2c62c94\" data-element_type=\"widget\" data-widget_type=\"spacer.default\">\n\t\t\t\t<div class=\"elementor-widget-container\">\n\t\t\t\t\t<div class=\"elementor-spacer\">\n\t\t\t<div class=\"elementor-spacer-inner\"><\/div>\n\t\t<\/div>\n\t\t\t\t<\/div>\n\t\t\t\t<\/div>\n\t\t\t\t<section class=\"elementor-section elementor-inner-section elementor-element elementor-element-f9366c9 elementor-section-boxed elementor-section-height-default elementor-section-height-default\" data-id=\"f9366c9\" data-element_type=\"section\">\n\t\t\t\t\t\t<div class=\"elementor-container elementor-column-gap-default\">\n\t\t\t\t\t<div class=\"elementor-column elementor-col-50 elementor-inner-column elementor-element elementor-element-31eb681\" data-id=\"31eb681\" data-element_type=\"column\">\n\t\t\t<div class=\"elementor-widget-wrap elementor-element-populated\">\n\t\t\t\t\t\t\t\t<div class=\"elementor-element elementor-element-97e97d2 elementor-widget elementor-widget-image\" data-id=\"97e97d2\" data-element_type=\"widget\" data-widget_type=\"image.default\">\n\t\t\t\t<div class=\"elementor-widget-container\">\n\t\t\t\t\t\t\t\t\t\t\t\t\t\t\t<img decoding=\"async\" src=\"https:\/\/villa-georges-theunis.be\/wp-content\/uploads\/elementor\/thumbs\/veilig-welkomwebsite-1-oylm04pxesimklxman6ixab97sbkx2b4kg23cr79ck.jpg\" title=\"veilig-welkomwebsite-1\" alt=\"veilig-welkomwebsite-1\" loading=\"lazy\" \/>\t\t\t\t\t\t\t\t\t\t\t\t\t\t\t<\/div>\n\t\t\t\t<\/div>\n\t\t\t\t\t<\/div>\n\t\t<\/div>\n\t\t\t\t<div class=\"elementor-column elementor-col-50 elementor-inner-column elementor-element elementor-element-be548ae\" data-id=\"be548ae\" data-element_type=\"column\">\n\t\t\t<div class=\"elementor-widget-wrap elementor-element-populated\">\n\t\t\t\t\t\t\t\t<div class=\"elementor-element elementor-element-2a20bb7 elementor-widget elementor-widget-heading\" data-id=\"2a20bb7\" data-element_type=\"widget\" data-widget_type=\"heading.default\">\n\t\t\t\t<div class=\"elementor-widget-container\">\n\t\t\t<h2 class=\"elementor-heading-title elementor-size-default\">A De Haan, vous pouvez vous d\u00e9tendre.<\/h2>\t\t<\/div>\n\t\t\t\t<\/div>\n\t\t\t\t<div class=\"elementor-element elementor-element-3ccf325 elementor-widget elementor-widget-text-editor\" data-id=\"3ccf325\" data-element_type=\"widget\" data-widget_type=\"text-editor.default\">\n\t\t\t\t<div class=\"elementor-widget-container\">\n\t\t\t\t\t\t\t<p style=\"font-size: 18px; line-height: 2;\">La plage est la plus longue de la c\u00f4te belge et la seule a ne pas avoir de brise-lames. Elle s&rsquo;\u00e9tend sur plus que 10 km. Vous pouvez \u00e9galement fl\u00e2ner dans les avenues verdoyantes avec des villas aux toits magnifiques, des balcons, des tourelles et des fa\u00e7ades \u00e0 pans de bois. Vous pouvez vous promener dans les 157 ha de dunes bois\u00e9es le long de pittoresques sentiers de randonn\u00e9e. Vous pouvez \u00e9galement p\u00e9daler \u00e0 l&rsquo;infini le long des nombreux itin\u00e9raires balis\u00e9s dans les vastes polders. Il n&rsquo;est pas surprenant que De Haan offre \u00e9galement un espace pour 3 r\u00e9serves naturelles en plus du premier golf de la Belgique cr\u00e9e dans les dunes. La station dispose \u00e9galement de toutes les infrastructures sportives possibles.<\/p>\n\t\t\t\t\t\t<\/div>\n\t\t\t\t<\/div>\n\t\t\t\t\t<\/div>\n\t\t<\/div>\n\t\t\t\t\t\t\t<\/div>\n\t\t<\/section>\n\t\t\t\t<div class=\"elementor-element elementor-element-9bbd950 elementor-widget elementor-widget-spacer\" data-id=\"9bbd950\" data-element_type=\"widget\" data-widget_type=\"spacer.default\">\n\t\t\t\t<div class=\"elementor-widget-container\">\n\t\t\t\t\t<div class=\"elementor-spacer\">\n\t\t\t<div class=\"elementor-spacer-inner\"><\/div>\n\t\t<\/div>\n\t\t\t\t<\/div>\n\t\t\t\t<\/div>\n\t\t\t\t<section class=\"elementor-section elementor-inner-section elementor-element elementor-element-2fe66dd elementor-section-boxed elementor-section-height-default elementor-section-height-default\" data-id=\"2fe66dd\" data-element_type=\"section\">\n\t\t\t\t\t\t<div class=\"elementor-container elementor-column-gap-default\">\n\t\t\t\t\t<div class=\"elementor-column elementor-col-100 elementor-inner-column elementor-element elementor-element-b2d96a0\" data-id=\"b2d96a0\" data-element_type=\"column\">\n\t\t\t<div class=\"elementor-widget-wrap elementor-element-populated\">\n\t\t\t\t\t\t\t\t<div class=\"elementor-element elementor-element-dafa88a elementor-widget elementor-widget-themo-image-carousel-timeline\" data-id=\"dafa88a\" data-element_type=\"widget\" data-settings=\"{&quot;slides_to_show&quot;:&quot;3&quot;,&quot;navigation&quot;:&quot;both&quot;,&quot;pause_on_hover&quot;:&quot;yes&quot;,&quot;autoplay&quot;:&quot;yes&quot;,&quot;autoplay_speed&quot;:5000,&quot;speed&quot;:500,&quot;direction&quot;:&quot;ltr&quot;}\" data-widget_type=\"themo-image-carousel-timeline.default\">\n\t\t\t\t<div class=\"elementor-widget-container\">\n\t\t\t        <div class=\"elementor-image-carousel-wrapper elementor-slick-slider th-image-carousel-timeline\" dir=\"ltr\">\n            <div class=\"elementor-image-carousel slick-arrows-inside slick-dots-outside\" data-slick='{\"slidesToShow\":3,\"autoplay\":true,\"autoplaySpeed\":5000,\"infinite\":true,\"pauseOnHover\":true,\"speed\":500,\"arrows\":true,\"dots\":true,\"draggable\":true,\"centerMode\":true,\"rtl\":false,\"responsive\":[{\"breakpoint\":1025,\"settings\":{\"slidesToShow\":3,\"slidesToScroll\":1}},{\"breakpoint\":768,\"settings\":{\"slidesToShow\":3,\"slidesToScroll\":1}}],\"slidesToScroll\":1}'>\n                <div class=\"slick-slide\"><figure class=\"slick-slide-inner\"><img decoding=\"async\" class=\"slick-slide-image\" src=\"https:\/\/villa-georges-theunis.be\/wp-content\/uploads\/2022\/01\/luchfoto2-605x605.jpg\" alt=\"luchfoto2\" \/><\/figure><\/div><div class=\"slick-slide\"><figure class=\"slick-slide-inner\"><img decoding=\"async\" class=\"slick-slide-image\" src=\"https:\/\/villa-georges-theunis.be\/wp-content\/uploads\/2020\/08\/2020-64-605x600.jpg\" alt=\"2020-64\" \/><\/figure><\/div><div class=\"slick-slide\"><figure class=\"slick-slide-inner\"><img decoding=\"async\" class=\"slick-slide-image\" src=\"https:\/\/villa-georges-theunis.be\/wp-content\/uploads\/2020\/08\/2020-74-605x605.jpg\" alt=\"2020-74\" \/><\/figure><\/div><div class=\"slick-slide\"><figure class=\"slick-slide-inner\"><img decoding=\"async\" class=\"slick-slide-image\" src=\"https:\/\/villa-georges-theunis.be\/wp-content\/uploads\/2020\/08\/2020-66-605x605.jpg\" alt=\"2020-66\" \/><\/figure><\/div><div class=\"slick-slide\"><figure class=\"slick-slide-inner\"><img decoding=\"async\" class=\"slick-slide-image\" src=\"https:\/\/villa-georges-theunis.be\/wp-content\/uploads\/2020\/08\/2020-68-605x605.jpg\" alt=\"2020-68\" \/><\/figure><\/div>            <\/div>\n        <\/div>\n        \t\t<\/div>\n\t\t\t\t<\/div>\n\t\t\t\t\t<\/div>\n\t\t<\/div>\n\t\t\t\t\t\t\t<\/div>\n\t\t<\/section>\n\t\t\t\t<div class=\"elementor-element elementor-element-e69689a elementor-widget elementor-widget-spacer\" data-id=\"e69689a\" data-element_type=\"widget\" data-widget_type=\"spacer.default\">\n\t\t\t\t<div class=\"elementor-widget-container\">\n\t\t\t\t\t<div class=\"elementor-spacer\">\n\t\t\t<div class=\"elementor-spacer-inner\"><\/div>\n\t\t<\/div>\n\t\t\t\t<\/div>\n\t\t\t\t<\/div>\n\t\t\t\t<section class=\"elementor-section elementor-inner-section elementor-element elementor-element-e5d77d6 elementor-section-boxed elementor-section-height-default elementor-section-height-default\" data-id=\"e5d77d6\" data-element_type=\"section\">\n\t\t\t\t\t\t<div class=\"elementor-container elementor-column-gap-default\">\n\t\t\t\t\t<div class=\"elementor-column elementor-col-50 elementor-inner-column elementor-element elementor-element-1e7f3e9\" data-id=\"1e7f3e9\" data-element_type=\"column\">\n\t\t\t<div class=\"elementor-widget-wrap elementor-element-populated\">\n\t\t\t\t\t\t\t\t<div class=\"elementor-element elementor-element-17ac9bd elementor-widget elementor-widget-heading\" data-id=\"17ac9bd\" data-element_type=\"widget\" data-widget_type=\"heading.default\">\n\t\t\t\t<div class=\"elementor-widget-container\">\n\t\t\t<h2 class=\"elementor-heading-title elementor-size-large\">De Haan c'est aussi la culture, les mus\u00e9es, le shopping et la bonne cuisine.<\/h2>\t\t<\/div>\n\t\t\t\t<\/div>\n\t\t\t\t<div class=\"elementor-element elementor-element-1ad5b62 elementor-widget elementor-widget-text-editor\" data-id=\"1ad5b62\" data-element_type=\"widget\" data-widget_type=\"text-editor.default\">\n\t\t\t\t<div class=\"elementor-widget-container\">\n\t\t\t\t\t\t\t<p style=\"font-size: 18px; line-height: 2;\">En plus de la plage, du soleil et des sports, vous pouvez \u00e9galement profiter d&rsquo;\u00e9v\u00e9nements culturels, folkloriques et touristiques: <a href=\"https:\/\/www.dehaan.be\/events\" target=\"_blank\" rel=\"noopener\">www.dehaan.be\/events<\/a><\/p>\n<p style=\"font-size: 18px; line-height: 2;\">De Haan est situ\u00e9 au centre de la c\u00f4te. Shopping, culture, mus\u00e9es, patrimoine de l&rsquo;Unesco, restaurants \u00e9toil\u00e9s, casino, &#8230; se trouvent \u00e0 Bruges \u00e0 seulement 15 km et \u00e0 Ostende \u00e0 12 km.<\/p>\n<p style=\"font-size: 18px; line-height: 2;\">Plus d&rsquo;info: <a href=\"https:\/\/www.dehaan.be\" target=\"_blank\" rel=\"noopener\">www.dehaan.be<\/a> et <a href=\"https:\/\/visitdehaan.be\" target=\"_blank\" rel=\"noopener\">www.visitdehaan.be<\/a><\/p>\n\t\t\t\t\t\t<\/div>\n\t\t\t\t<\/div>\n\t\t\t\t\t<\/div>\n\t\t<\/div>\n\t\t\t\t<div class=\"elementor-column elementor-col-50 elementor-inner-column elementor-element elementor-element-70c57ef\" data-id=\"70c57ef\" data-element_type=\"column\">\n\t\t\t<div class=\"elementor-widget-wrap elementor-element-populated\">\n\t\t\t\t\t\t\t\t<div class=\"elementor-element elementor-element-58d4e26 elementor-widget elementor-widget-image\" data-id=\"58d4e26\" data-element_type=\"widget\" data-widget_type=\"image.default\">\n\t\t\t\t<div class=\"elementor-widget-container\">\n\t\t\t\t\t\t\t\t\t\t\t\t\t\t\t<img decoding=\"async\" src=\"https:\/\/villa-georges-theunis.be\/wp-content\/uploads\/elementor\/thumbs\/2020-74-oylly83pjvwp12pafbird9mlunpsb5qpz0fnbk0zys.jpg\" title=\"2020-74\" alt=\"2020-74\" loading=\"lazy\" \/>\t\t\t\t\t\t\t\t\t\t\t\t\t\t\t<\/div>\n\t\t\t\t<\/div>\n\t\t\t\t\t<\/div>\n\t\t<\/div>\n\t\t\t\t\t\t\t<\/div>\n\t\t<\/section>\n\t\t\t\t<div class=\"elementor-element elementor-element-583feb8 elementor-widget elementor-widget-spacer\" data-id=\"583feb8\" data-element_type=\"widget\" data-widget_type=\"spacer.default\">\n\t\t\t\t<div class=\"elementor-widget-container\">\n\t\t\t\t\t<div class=\"elementor-spacer\">\n\t\t\t<div class=\"elementor-spacer-inner\"><\/div>\n\t\t<\/div>\n\t\t\t\t<\/div>\n\t\t\t\t<\/div>\n\t\t\t\t<section class=\"elementor-section elementor-inner-section elementor-element elementor-element-0503c05 elementor-section-boxed elementor-section-height-default elementor-section-height-default\" data-id=\"0503c05\" data-element_type=\"section\">\n\t\t\t\t\t\t<div class=\"elementor-container elementor-column-gap-default\">\n\t\t\t\t\t<div class=\"elementor-column elementor-col-50 elementor-inner-column elementor-element elementor-element-6934925\" data-id=\"6934925\" data-element_type=\"column\" data-settings=\"{&quot;background_background&quot;:&quot;classic&quot;}\">\n\t\t\t<div class=\"elementor-widget-wrap elementor-element-populated\">\n\t\t\t\t\t\t\t\t<div class=\"elementor-element elementor-element-67a3ccc elementor-widget elementor-widget-text-editor\" data-id=\"67a3ccc\" data-element_type=\"widget\" data-widget_type=\"text-editor.default\">\n\t\t\t\t<div class=\"elementor-widget-container\">\n\t\t\t\t\t\t\t<h5>Recommandations pour De Haan<\/h5>\n<p><a href=\"http:\/\/www.dekust.be\/fr\/de-haan-wenduine\" target=\"_blank\" rel=\"noopener\">www.dekust.be\/fr\/de-haan-wenduine<\/a><\/p>\n<ul>\n<li>Itin\u00e9raires p\u00e9destres dans les for\u00eats de dunes:\u00a0 <a href=\"http:\/\/www.natuurenbos.be\/duinenbossendehaan\" target=\"_blank\" rel=\"noopener\">www.natuurenbos.be\/duinenbossendehaan<\/a><\/li>\n<li>Itin\u00e9raires p\u00e9destres dans les for\u00eats de dunes.<\/li>\n<li>Itin\u00e9raires cyclables cartographi\u00e9s.<\/li>\n<li>Voile, planche \u00e0 voile, kite surf,&#8230;\u00a0 \u00a0<a href=\"https:\/\/www.windhaan.be\" target=\"_blank\" rel=\"noopener\">www.windhaan.be<\/a><\/li>\n<li>Tennis: int\u00e9rieur (<a href=\"https:\/\/www.dehaansport.be\/infrastructuur\/sporthal\/\" target=\"_blank\" rel=\"noopener\">Haneveld<\/a>) et ext\u00e9rieur (<a href=\"https:\/\/www.brasserielapotiniere.com\/\" target=\"_blank\" rel=\"noopener\">Potini\u00e8re<\/a>\u00a0en <a href=\"https:\/\/www.tcpolderblomme.be\/\" target=\"_blank\" rel=\"noopener\">De Polderblomme<\/a>)<\/li>\n<li>Golf: <a href=\"http:\/\/www.golfoostende.be\/\" target=\"_blank\" rel=\"noopener\">Royal Golf Club<\/a> de De Haan, fond\u00e9 en 1903, longueur du championnat\u00a0 5506 m, 70 par.<\/li>\n<\/ul>\n\t\t\t\t\t\t<\/div>\n\t\t\t\t<\/div>\n\t\t\t\t\t<\/div>\n\t\t<\/div>\n\t\t\t\t<div class=\"elementor-column elementor-col-50 elementor-inner-column elementor-element elementor-element-b940dda\" data-id=\"b940dda\" data-element_type=\"column\">\n\t\t\t<div class=\"elementor-widget-wrap elementor-element-populated\">\n\t\t\t\t\t\t\t\t<div class=\"elementor-element elementor-element-0359aef elementor-widget elementor-widget-text-editor\" data-id=\"0359aef\" data-element_type=\"widget\" data-widget_type=\"text-editor.default\">\n\t\t\t\t<div class=\"elementor-widget-container\">\n\t\t\t\t\t\t\t<h5>Voyages recommand\u00e9s sur la c\u00f4te<\/h5>\n<ul>\n<li>De Panne Plopsaland: parc d&rsquo;attractions pour enfants <a href=\"http:\/\/www.plopsa.be\" target=\"_blank\" rel=\"noopener\">www.plopsa.be<\/a><\/li>\n<li>Ostende: voilier Mercator <a href=\"http:\/\/www.zeilschipmercator.be\" target=\"_blank\" rel=\"noopener\">www.zeilschipmercator.be<\/a><\/li>\n<li>Maison James Ensor <a href=\"http:\/\/www.ensorstad.be\" target=\"_blank\" rel=\"noopener\">www.ensorstad.be<\/a><\/li>\n<li>Casino <a href=\"http:\/\/www.casinooostende.be\" target=\"_blank\" rel=\"noopener\">www.casinooostende.be<\/a> et Kursaal <a href=\"http:\/\/www.kursaaloostende.be\" target=\"_blank\" rel=\"noopener\">www.kursaaloostende.be<\/a><\/li>\n<li>Blankenberge Sea Life Center <a href=\"http:\/\/www.sealife.be\" target=\"_blank\" rel=\"noopener\">www.sealife.be et\u00a0<\/a>Serpentarium <a href=\"http:\/\/www.serpentarium.be\" target=\"_blank\" rel=\"noopener\">www.serpentarium.be<\/a><\/li>\n<li>Zeebrugge: visite du port et du parc \u00e9olien en mer.<\/li>\n<li>Knokke: r\u00e9serve naturelle \u2018t Zwin <a href=\"http:\/\/www.zwin.be\" target=\"_blank\" rel=\"noopener\">www.zwin.be<\/a><\/li>\n<\/ul>\n\t\t\t\t\t\t<\/div>\n\t\t\t\t<\/div>\n\t\t\t\t\t<\/div>\n\t\t<\/div>\n\t\t\t\t\t\t\t<\/div>\n\t\t<\/section>\n\t\t\t\t<div class=\"elementor-element elementor-element-b47d8a9 elementor-widget elementor-widget-spacer\" data-id=\"b47d8a9\" data-element_type=\"widget\" data-widget_type=\"spacer.default\">\n\t\t\t\t<div class=\"elementor-widget-container\">\n\t\t\t\t\t<div class=\"elementor-spacer\">\n\t\t\t<div class=\"elementor-spacer-inner\"><\/div>\n\t\t<\/div>\n\t\t\t\t<\/div>\n\t\t\t\t<\/div>\n\t\t\t\t\t<\/div>\n\t\t<\/div>\n\t\t\t\t\t\t\t<\/div>\n\t\t<\/section>\n\t\t\t\t<section class=\"elementor-section elementor-top-section elementor-element elementor-element-750755e elementor-section-full_width elementor-section-height-default elementor-section-height-default\" data-id=\"750755e\" data-element_type=\"section\">\n\t\t\t\t\t\t<div class=\"elementor-container elementor-column-gap-no\">\n\t\t\t\t\t<div class=\"elementor-column elementor-col-100 elementor-top-column elementor-element elementor-element-c49535d\" data-id=\"c49535d\" data-element_type=\"column\">\n\t\t\t<div class=\"elementor-widget-wrap elementor-element-populated\">\n\t\t\t\t\t\t\t\t<div class=\"elementor-element elementor-element-aad0cc3 elementor-widget elementor-widget-google_maps\" data-id=\"aad0cc3\" data-element_type=\"widget\" data-widget_type=\"google_maps.default\">\n\t\t\t\t<div class=\"elementor-widget-container\">\n\t\t\t\t\t<div class=\"elementor-custom-embed\">\n\t\t\t<iframe loading=\"lazy\"\n\t\t\t\t\tsrc=\"https:\/\/maps.google.com\/maps?q=Koninklijke%20Baan%2055%2C%20De%20Haan&#038;t=m&#038;z=17&#038;output=embed&#038;iwloc=near\"\n\t\t\t\t\ttitle=\"Koninklijke Baan 55, De Haan\"\n\t\t\t\t\taria-label=\"Koninklijke Baan 55, De Haan\"\n\t\t\t><\/iframe>\n\t\t<\/div>\n\t\t\t\t<\/div>\n\t\t\t\t<\/div>\n\t\t\t\t\t<\/div>\n\t\t<\/div>\n\t\t\t\t\t\t\t<\/div>\n\t\t<\/section>\n\t\t\t\t\t\t\t<\/div>\n\t\t","protected":false},"excerpt":{"rendered":"<p>De Haan \u2013 Le Coq Mer, plage, dunes, for\u00eats et villas belle \u00e9poque\u2026. De Haan, plus de 100 ans d&rsquo;histoire. De Haan est une agr\u00e9able station baln\u00e9aire familiale construite dans les dunes il y a plus de 100 ans. Suite &hellip; <a href=\"https:\/\/villa-georges-theunis.be\/fr\/de-haan-le-coq\/\">Read More<\/a><\/p>\n","protected":false},"author":1,"featured_media":374,"parent":0,"menu_order":6,"comment_status":"closed","ping_status":"closed","template":"","meta":{"footnotes":""},"_links":{"self":[{"href":"https:\/\/villa-georges-theunis.be\/fr\/wp-json\/wp\/v2\/pages\/821"}],"collection":[{"href":"https:\/\/villa-georges-theunis.be\/fr\/wp-json\/wp\/v2\/pages"}],"about":[{"href":"https:\/\/villa-georges-theunis.be\/fr\/wp-json\/wp\/v2\/types\/page"}],"author":[{"embeddable":true,"href":"https:\/\/villa-georges-theunis.be\/fr\/wp-json\/wp\/v2\/users\/1"}],"replies":[{"embeddable":true,"href":"https:\/\/villa-georges-theunis.be\/fr\/wp-json\/wp\/v2\/comments?post=821"}],"version-history":[{"count":10,"href":"https:\/\/villa-georges-theunis.be\/fr\/wp-json\/wp\/v2\/pages\/821\/revisions"}],"predecessor-version":[{"id":2096,"href":"https:\/\/villa-georges-theunis.be\/fr\/wp-json\/wp\/v2\/pages\/821\/revisions\/2096"}],"wp:featuredmedia":[{"embeddable":true,"href":"https:\/\/villa-georges-theunis.be\/fr\/wp-json\/wp\/v2\/media\/374"}],"wp:attachment":[{"href":"https:\/\/villa-georges-theunis.be\/fr\/wp-json\/wp\/v2\/media?parent=821"}],"curies":[{"name":"wp","href":"https:\/\/api.w.org\/{rel}","templated":true}]}}