{"id":982,"date":"2020-08-13T15:31:15","date_gmt":"2020-08-13T15:31:15","guid":{"rendered":"https:\/\/res-miramar.be\/geschaeftsbedingungen\/"},"modified":"2023-11-28T22:54:03","modified_gmt":"2023-11-28T22:54:03","slug":"geschaeftsbedingungen","status":"publish","type":"page","link":"https:\/\/villa-georges-theunis.be\/de\/geschaeftsbedingungen\/","title":{"rendered":"Gesch\u00e4ftsbedingungen"},"content":{"rendered":"\t\t<div data-elementor-type=\"wp-page\" data-elementor-id=\"982\" class=\"elementor elementor-982 elementor-965\">\n\t\t\t\t\t\t\t\t\t<section class=\"elementor-section elementor-top-section elementor-element elementor-element-9ab6632 elementor-section-boxed elementor-section-height-default elementor-section-height-default\" data-id=\"9ab6632\" data-element_type=\"section\">\n\t\t\t\t\t\t<div class=\"elementor-container elementor-column-gap-default\">\n\t\t\t\t\t<div class=\"elementor-column elementor-col-100 elementor-top-column elementor-element elementor-element-0390211\" data-id=\"0390211\" data-element_type=\"column\">\n\t\t\t<div class=\"elementor-widget-wrap elementor-element-populated\">\n\t\t\t\t\t\t\t\t<div class=\"elementor-element elementor-element-d2af009 elementor-widget elementor-widget-text-editor\" data-id=\"d2af009\" data-element_type=\"widget\" data-widget_type=\"text-editor.default\">\n\t\t\t\t<div class=\"elementor-widget-container\">\n\t\t\t\t\t\t\t<h2>Stornierungsbedingungen<\/h2>\n<p>Wenn die Stornierung 60 Tage vor Beginn der reservierten Frist erfolgt, werden der Vorauszahlung und die bereits bezahlte Miete vollst\u00e4ndig zur\u00fcckerstattet.<\/p>\n<p>Wenn die Stornierung innerhalb von 60 Tagen vor Beginn der reservierten Frist erfolgt, kann der Vorauszahlung verwendet werden, um dem Neukunden einen Last-Minute-Rabatt zu gew\u00e4hren. Der Restbetrag aus Vorauszahlung und bezahlter Miete wird vollst\u00e4ndig zur\u00fcckgezahlt wann die Wohnung wieder vermietet ist.<\/p>\n<p>Wird kein neuer Kunde gefunden, muss die volle Miete bezahlt werden.<\/p>\n<h2>Andere<\/h2>\n<p>Haustiere sind nicht erlaubt. Die Geldstrafe betr\u00e4gt 250 \u20ac pro Tag.<br \/>\nDie Wohnungen sind rauchfrei.<\/p>\n\t\t\t\t\t\t<\/div>\n\t\t\t\t<\/div>\n\t\t\t\t\t<\/div>\n\t\t<\/div>\n\t\t\t\t\t\t\t<\/div>\n\t\t<\/section>\n\t\t\t\t\t\t\t<\/div>\n\t\t","protected":false},"excerpt":{"rendered":"<p>Stornierungsbedingungen Wenn die Stornierung 60 Tage vor Beginn der reservierten Frist erfolgt, werden der Vorauszahlung und die bereits bezahlte Miete vollst\u00e4ndig zur\u00fcckerstattet. Wenn die Stornierung innerhalb von 60 Tagen vor Beginn der reservierten Frist erfolgt, kann der Vorauszahlung verwendet werden, &hellip; <a href=\"https:\/\/villa-georges-theunis.be\/de\/geschaeftsbedingungen\/\">Read More<\/a><\/p>\n","protected":false},"author":1,"featured_media":0,"parent":0,"menu_order":16,"comment_status":"closed","ping_status":"closed","template":"","meta":{"footnotes":""},"_links":{"self":[{"href":"https:\/\/villa-georges-theunis.be\/de\/wp-json\/wp\/v2\/pages\/982"}],"collection":[{"href":"https:\/\/villa-georges-theunis.be\/de\/wp-json\/wp\/v2\/pages"}],"about":[{"href":"https:\/\/villa-georges-theunis.be\/de\/wp-json\/wp\/v2\/types\/page"}],"author":[{"embeddable":true,"href":"https:\/\/villa-georges-theunis.be\/de\/wp-json\/wp\/v2\/users\/1"}],"replies":[{"embeddable":true,"href":"https:\/\/villa-georges-theunis.be\/de\/wp-json\/wp\/v2\/comments?post=982"}],"version-history":[{"count":3,"href":"https:\/\/villa-georges-theunis.be\/de\/wp-json\/wp\/v2\/pages\/982\/revisions"}],"predecessor-version":[{"id":2508,"href":"https:\/\/villa-georges-theunis.be\/de\/wp-json\/wp\/v2\/pages\/982\/revisions\/2508"}],"wp:attachment":[{"href":"https:\/\/villa-georges-theunis.be\/de\/wp-json\/wp\/v2\/media?parent=982"}],"curies":[{"name":"wp","href":"https:\/\/api.w.org\/{rel}","templated":true}]}}