{"id":936,"date":"2020-08-10T22:16:21","date_gmt":"2020-08-10T22:16:21","guid":{"rendered":"https:\/\/res-miramar.be\/datenschutz-bestimmungen\/"},"modified":"2023-11-28T22:54:03","modified_gmt":"2023-11-28T22:54:03","slug":"datenschutz-bestimmungen","status":"publish","type":"page","link":"https:\/\/villa-georges-theunis.be\/de\/datenschutz-bestimmungen\/","title":{"rendered":"Datenschutz-Bestimmungen"},"content":{"rendered":"\t\t<div data-elementor-type=\"wp-page\" data-elementor-id=\"936\" class=\"elementor elementor-936 elementor-3\">\n\t\t\t\t\t\t\t\t\t<section class=\"elementor-section elementor-top-section elementor-element elementor-element-1571b7bd elementor-section-boxed elementor-section-height-default elementor-section-height-default\" data-id=\"1571b7bd\" data-element_type=\"section\">\n\t\t\t\t\t\t<div class=\"elementor-container elementor-column-gap-default\">\n\t\t\t\t\t<div class=\"elementor-column elementor-col-100 elementor-top-column elementor-element elementor-element-3a359116\" data-id=\"3a359116\" data-element_type=\"column\">\n\t\t\t<div class=\"elementor-widget-wrap elementor-element-populated\">\n\t\t\t\t\t\t\t\t<div class=\"elementor-element elementor-element-3234435 elementor-widget elementor-widget-text-editor\" data-id=\"3234435\" data-element_type=\"widget\" data-widget_type=\"text-editor.default\">\n\t\t\t\t<div class=\"elementor-widget-container\">\n\t\t\t\t\t\t\t<p><\/p>\n<p>Villa Georges Theunis, Koninklijke Baan 55 B, 8420 De Haan, ist f\u00fcr die Verarbeitung personenbezogener Daten gem\u00e4\u00df dieser Datenschutzerkl\u00e4rung verantwortlich.<\/p>\n<h2>Kontaktdetails:<\/h2>\n<p><a href=\"https:\/\/www.res-miramar.be\" target=\"_blank\" rel=\"noopener\">https:\/\/www.villa-georges-theunis.be<\/a><\/p>\n<p>Koninklijke Baan 55 B<\/p>\n<p>8420 De Haan<\/p>\n<p>+32 475 816174<\/p>\n<p>Eddy Vandenbriele ist der Datenschutzbeauftragte dieser Website. Er kann \u00fcber <a href=\"mailto:eddy.vandenbriele@telenet.be\">eddy.vandenbriele@telenet.be<\/a> erreicht werden<\/p>\n<h2>Zu welchem \u200b\u200bZweck und auf welcher Grundlage verarbeiten wir personenbezogene Daten<\/h2>\n<p>Residentie Miramar verarbeitet nur personenbezogene Daten, die f\u00fcr folgende Zwecke erforderlich sind:<\/p>\n<ul>\n<li>Abwicklung Ihrer Zahlung<\/li>\n<li>Werbung senden<\/li>\n<li>Um Sie bei Bedarf anrufen oder per E-Mail kontaktieren zu k\u00f6nnen, um unsere Dienstleistungen zu erbringen<\/li>\n<\/ul>\n<p>Wir verwenden keine Social Media Plugins.<\/p>\n<p>Personenbezogene Daten werden nicht an Dritte weitergegeben.<\/p>\n<h2>Automatisierte Entscheidungsfindung<\/h2>\n<p>Residentie Miramar trifft keine Entscheidungen auf der Grundlage einer automatisierten Verarbeitung von Angelegenheiten, die Konsequenzen f\u00fcr Menschen haben k\u00f6nnen. Dies sind Entscheidungen, die von Computerprogrammen oder -systemen ohne Beteiligung einer Person (z. B. eines Mitarbeiters der Residentie Miramar) getroffen werden.<\/p>\n<h2>Wie lange speichern wir personenbezogene Daten?<\/h2>\n<p>Residence Miramar speichert Ihre pers\u00f6nlichen Daten nur, um Ihnen Werbung per E-Mail senden oder einen Anruf t\u00e4tigen zu k\u00f6nnen, solange Sie sich daf\u00fcr entscheiden, nicht mehr kontaktiert zu werden.<\/p>\n<h2>Cookies oder \u00e4hnliche Techniken, die wir verwenden<\/h2>\n<p>Residence Miramar verwendet nur technische und funktionale Cookies. Und analytische Cookies, die Ihre Privatsph\u00e4re nicht verletzen. Ein Cookie ist eine kleine Textdatei, die beim ersten Besuch dieser Website auf Ihrem Computer, Tablet oder Smartphone gespeichert wird. Die von uns verwendeten Cookies sind f\u00fcr den technischen Betrieb der Website und Ihre Benutzerfreundlichkeit erforderlich. Sie stellen sicher, dass die Website ordnungsgem\u00e4\u00df funktioniert, und merken sich beispielsweise Ihre bevorzugten Einstellungen. Damit k\u00f6nnen wir auch unsere Website optimieren. Sie k\u00f6nnen Cookies deaktivieren, indem Sie Ihren Internetbrowser so einstellen, dass keine Cookies mehr gespeichert werden. Dar\u00fcber hinaus k\u00f6nnen Sie alle zuvor \u00fcber die Einstellungen Ihres Browsers gespeicherten Informationen l\u00f6schen.<\/p>\n<h2>Anzeigen, \u00c4ndern oder L\u00f6schen von Daten<\/h2>\n<p>Sie haben das Recht, Ihre pers\u00f6nlichen Daten anzuzeigen, zu korrigieren oder zu l\u00f6schen. Sie haben auch das Recht, Ihre Zustimmung zur Datenverarbeitung zu widerrufen oder der Verarbeitung Ihrer personenbezogenen Daten durch Residentie Miramar zu widersprechen, und Sie haben das Recht auf Daten\u00fcbertragbarkeit. Dies bedeutet, dass Sie eine Anfrage an uns senden k\u00f6nnen, um die pers\u00f6nlichen Daten, die wir \u00fcber Sie in einer Computerdatei gespeichert haben, an Sie oder eine andere von Ihnen genannte Organisation zu senden.<\/p>\n<p>Sie k\u00f6nnen einen Antrag auf Zugriff, Korrektur, L\u00f6schung, Daten\u00fcbertragung Ihrer pers\u00f6nlichen Daten oder einen Antrag auf L\u00f6schung Ihrer Einwilligung oder Einspruch gegen die Verarbeitung Ihrer pers\u00f6nlichen Daten an <a href=\"mailto:eddy.vandenbriele@telenet.be\">eddy.vandenbriele@telenet.be<\/a> senden. Um sicherzustellen, dass Sie die Zugangsanfrage gestellt haben, bitten wir Sie, eine Kopie Ihrer ID mit der Anfrage zu senden.<\/p>\n<p>Residence Miramar m\u00f6chte auch darauf hinweisen, dass Sie die M\u00f6glichkeit haben, eine Beschwerde bei der nationalen Aufsichtsbeh\u00f6rde einzureichen.<\/p>\n<h2>Wie wir personenbezogene Daten sichern<\/h2>\n<p>Residentie Miramar nimmt den Schutz Ihrer Daten ernst und ergreift geeignete Ma\u00dfnahmen, um Missbrauch, Verlust, unbefugten Zugriff, unerw\u00fcnschte Offenlegung und unbefugte \u00c4nderungen zu verhindern. Wenn Sie den Eindruck haben, dass Ihre Daten nicht ordnungsgem\u00e4\u00df gesichert sind oder Hinweise auf Missbrauch vorliegen, wenden Sie sich bitte an <a href=\"mailto:eddy.vandenbriele@telenet.be\">eddy.vandenbriele@telenet.be<\/a>.<\/p>\n<p><\/p>\n\t\t\t\t\t\t<\/div>\n\t\t\t\t<\/div>\n\t\t\t\t\t<\/div>\n\t\t<\/div>\n\t\t\t\t\t\t\t<\/div>\n\t\t<\/section>\n\t\t\t\t\t\t\t<\/div>\n\t\t","protected":false},"excerpt":{"rendered":"<p>Villa Georges Theunis, Koninklijke Baan 55 B, 8420 De Haan, ist f\u00fcr die Verarbeitung personenbezogener Daten gem\u00e4\u00df dieser Datenschutzerkl\u00e4rung verantwortlich. Kontaktdetails: https:\/\/www.villa-georges-theunis.be Koninklijke Baan 55 B 8420 De Haan +32 475 816174 Eddy Vandenbriele ist der Datenschutzbeauftragte dieser Website. Er &hellip; <a href=\"https:\/\/villa-georges-theunis.be\/de\/datenschutz-bestimmungen\/\">Read More<\/a><\/p>\n","protected":false},"author":1,"featured_media":0,"parent":0,"menu_order":13,"comment_status":"closed","ping_status":"open","template":"","meta":{"footnotes":""},"_links":{"self":[{"href":"https:\/\/villa-georges-theunis.be\/de\/wp-json\/wp\/v2\/pages\/936"}],"collection":[{"href":"https:\/\/villa-georges-theunis.be\/de\/wp-json\/wp\/v2\/pages"}],"about":[{"href":"https:\/\/villa-georges-theunis.be\/de\/wp-json\/wp\/v2\/types\/page"}],"author":[{"embeddable":true,"href":"https:\/\/villa-georges-theunis.be\/de\/wp-json\/wp\/v2\/users\/1"}],"replies":[{"embeddable":true,"href":"https:\/\/villa-georges-theunis.be\/de\/wp-json\/wp\/v2\/comments?post=936"}],"version-history":[{"count":10,"href":"https:\/\/villa-georges-theunis.be\/de\/wp-json\/wp\/v2\/pages\/936\/revisions"}],"predecessor-version":[{"id":1550,"href":"https:\/\/villa-georges-theunis.be\/de\/wp-json\/wp\/v2\/pages\/936\/revisions\/1550"}],"wp:attachment":[{"href":"https:\/\/villa-georges-theunis.be\/de\/wp-json\/wp\/v2\/media?parent=936"}],"curies":[{"name":"wp","href":"https:\/\/api.w.org\/{rel}","templated":true}]}}