{"id":824,"date":"2020-08-07T21:43:26","date_gmt":"2020-08-07T21:43:26","guid":{"rendered":"https:\/\/res-miramar.be\/de-haan\/"},"modified":"2023-11-28T22:54:03","modified_gmt":"2023-11-28T22:54:03","slug":"de-haan","status":"publish","type":"page","link":"https:\/\/villa-georges-theunis.be\/de\/de-haan\/","title":{"rendered":"De Haan"},"content":{"rendered":"\t\t<div data-elementor-type=\"wp-page\" data-elementor-id=\"824\" class=\"elementor elementor-824 elementor-387\">\n\t\t\t\t\t\t\t\t\t<section class=\"elementor-section elementor-top-section elementor-element elementor-element-bd797be elementor-section-boxed elementor-section-height-default elementor-section-height-default\" data-id=\"bd797be\" data-element_type=\"section\">\n\t\t\t\t\t\t<div class=\"elementor-container elementor-column-gap-default\">\n\t\t\t\t\t<div class=\"elementor-column elementor-col-100 elementor-top-column elementor-element elementor-element-dc499a3\" data-id=\"dc499a3\" data-element_type=\"column\">\n\t\t\t<div class=\"elementor-widget-wrap elementor-element-populated\">\n\t\t\t\t\t\t\t\t<div class=\"elementor-element elementor-element-c8696ed elementor-widget elementor-widget-spacer\" data-id=\"c8696ed\" data-element_type=\"widget\" data-widget_type=\"spacer.default\">\n\t\t\t\t<div class=\"elementor-widget-container\">\n\t\t\t\t\t<div class=\"elementor-spacer\">\n\t\t\t<div class=\"elementor-spacer-inner\"><\/div>\n\t\t<\/div>\n\t\t\t\t<\/div>\n\t\t\t\t<\/div>\n\t\t\t\t<div class=\"elementor-element elementor-element-8eb71ac elementor-view-default elementor-position-top elementor-widget elementor-widget-themo-header\" data-id=\"8eb71ac\" data-element_type=\"widget\" data-widget_type=\"themo-header.default\">\n\t\t\t\t<div class=\"elementor-widget-container\">\n\t\t\t\t\t<div class=\"th-header-wrap\">\n        <div class=\"elementor-icon-box-wrapper \">\n                            <div class=\"elementor-icon-box-content\">\n                    <h1 class=\"elementor-icon-box-title\">\n                        De Haan                    <\/h1>\n                                            <span class=\"th-header-divider\"><\/span>\n                                        <p class=\"elementor-icon-box-description\">Meer, Strand, D\u00fcnen, W\u00e4lder und Belle-Epoque-Villen\u2026.<\/p>\n\n                                    <\/div>\n            <\/div>\n\n        <\/div>\n\n\t\t\t\t<\/div>\n\t\t\t\t<\/div>\n\t\t\t\t<section class=\"elementor-section elementor-inner-section elementor-element elementor-element-2860649 elementor-section-boxed elementor-section-height-default elementor-section-height-default\" data-id=\"2860649\" data-element_type=\"section\">\n\t\t\t\t\t\t<div class=\"elementor-container elementor-column-gap-default\">\n\t\t\t\t\t<div class=\"elementor-column elementor-col-50 elementor-inner-column elementor-element elementor-element-b7d0c88\" data-id=\"b7d0c88\" data-element_type=\"column\">\n\t\t\t<div class=\"elementor-widget-wrap elementor-element-populated\">\n\t\t\t\t\t\t\t\t<div class=\"elementor-element elementor-element-173a6e4 elementor-widget elementor-widget-heading\" data-id=\"173a6e4\" data-element_type=\"widget\" data-widget_type=\"heading.default\">\n\t\t\t\t<div class=\"elementor-widget-container\">\n\t\t\t<h2 class=\"elementor-heading-title elementor-size-large\">De Haan, mehr als 100 Jahre Geschichte.<\/h2>\t\t<\/div>\n\t\t\t\t<\/div>\n\t\t\t\t<div class=\"elementor-element elementor-element-6650df8 elementor-widget elementor-widget-text-editor\" data-id=\"6650df8\" data-element_type=\"widget\" data-widget_type=\"text-editor.default\">\n\t\t\t\t<div class=\"elementor-widget-container\">\n\t\t\t\t\t\t\t<p style=\"font-size: 18px; line-height: 2;\">De Haan ist ein angenehmer Familien-Badeort, der vor mehr als 100 Jahren in den D\u00fcnen gebaut wurde. Aufgrund strenger Urbanisierungsbestimmungen k\u00f6nnen Sie jetzt zwischen malerischen Belle-Epoque-Villen spazieren und es gibt kein Hochhaus, auch nicht an der Promenade. Die sch\u00f6nen Geb\u00e4ude zeugen von einer glorreichen Vergangenheit.<\/p>\n\t\t\t\t\t\t<\/div>\n\t\t\t\t<\/div>\n\t\t\t\t\t<\/div>\n\t\t<\/div>\n\t\t\t\t<div class=\"elementor-column elementor-col-50 elementor-inner-column elementor-element elementor-element-107a7b1\" data-id=\"107a7b1\" data-element_type=\"column\">\n\t\t\t<div class=\"elementor-widget-wrap elementor-element-populated\">\n\t\t\t\t\t\t\t\t<div class=\"elementor-element elementor-element-0ca4c4a elementor-widget elementor-widget-image\" data-id=\"0ca4c4a\" data-element_type=\"widget\" data-widget_type=\"image.default\">\n\t\t\t\t<div class=\"elementor-widget-container\">\n\t\t\t\t\t\t\t\t\t\t\t\t\t\t\t<img decoding=\"async\" loading=\"lazy\" width=\"394\" height=\"394\" src=\"https:\/\/villa-georges-theunis.be\/wp-content\/uploads\/2020\/08\/logo-de-haan-394x394.jpg\" class=\"attachment-th_img_sm_square size-th_img_sm_square wp-image-471\" alt=\"\" srcset=\"https:\/\/villa-georges-theunis.be\/wp-content\/uploads\/2020\/08\/logo-de-haan-394x394.jpg 394w, https:\/\/villa-georges-theunis.be\/wp-content\/uploads\/2020\/08\/logo-de-haan-300x300.jpg 300w, https:\/\/villa-georges-theunis.be\/wp-content\/uploads\/2020\/08\/logo-de-haan-150x150.jpg 150w, https:\/\/villa-georges-theunis.be\/wp-content\/uploads\/2020\/08\/logo-de-haan-768x768.jpg 768w, https:\/\/villa-georges-theunis.be\/wp-content\/uploads\/2020\/08\/logo-de-haan-33x33.jpg 33w, https:\/\/villa-georges-theunis.be\/wp-content\/uploads\/2020\/08\/logo-de-haan-80x80.jpg 80w, https:\/\/villa-georges-theunis.be\/wp-content\/uploads\/2020\/08\/logo-de-haan-303x303.jpg 303w, https:\/\/villa-georges-theunis.be\/wp-content\/uploads\/2020\/08\/logo-de-haan-605x605.jpg 605w, https:\/\/villa-georges-theunis.be\/wp-content\/uploads\/2020\/08\/logo-de-haan-700x700.jpg 700w, https:\/\/villa-georges-theunis.be\/wp-content\/uploads\/2020\/08\/logo-de-haan-950x950.jpg 950w, https:\/\/villa-georges-theunis.be\/wp-content\/uploads\/2020\/08\/logo-de-haan.jpg 1000w\" sizes=\"(max-width: 394px) 100vw, 394px\" \/>\t\t\t\t\t\t\t\t\t\t\t\t\t\t\t<\/div>\n\t\t\t\t<\/div>\n\t\t\t\t\t<\/div>\n\t\t<\/div>\n\t\t\t\t\t\t\t<\/div>\n\t\t<\/section>\n\t\t\t\t\t<\/div>\n\t\t<\/div>\n\t\t\t\t\t\t\t<\/div>\n\t\t<\/section>\n\t\t\t\t<section class=\"elementor-section elementor-top-section elementor-element elementor-element-76a213c elementor-section-boxed elementor-section-height-default elementor-section-height-default\" data-id=\"76a213c\" data-element_type=\"section\">\n\t\t\t\t\t\t<div class=\"elementor-container elementor-column-gap-default\">\n\t\t\t\t\t<div class=\"elementor-column elementor-col-100 elementor-top-column elementor-element elementor-element-c2a4cc0\" data-id=\"c2a4cc0\" data-element_type=\"column\">\n\t\t\t<div class=\"elementor-widget-wrap elementor-element-populated\">\n\t\t\t\t\t\t\t\t<div class=\"elementor-element elementor-element-2c62c94 elementor-widget elementor-widget-spacer\" data-id=\"2c62c94\" data-element_type=\"widget\" data-widget_type=\"spacer.default\">\n\t\t\t\t<div class=\"elementor-widget-container\">\n\t\t\t\t\t<div class=\"elementor-spacer\">\n\t\t\t<div class=\"elementor-spacer-inner\"><\/div>\n\t\t<\/div>\n\t\t\t\t<\/div>\n\t\t\t\t<\/div>\n\t\t\t\t<section class=\"elementor-section elementor-inner-section elementor-element elementor-element-f9366c9 elementor-section-boxed elementor-section-height-default elementor-section-height-default\" data-id=\"f9366c9\" data-element_type=\"section\">\n\t\t\t\t\t\t<div class=\"elementor-container elementor-column-gap-default\">\n\t\t\t\t\t<div class=\"elementor-column elementor-col-50 elementor-inner-column elementor-element elementor-element-31eb681\" data-id=\"31eb681\" data-element_type=\"column\">\n\t\t\t<div class=\"elementor-widget-wrap elementor-element-populated\">\n\t\t\t\t\t\t\t\t<div class=\"elementor-element elementor-element-97e97d2 elementor-widget elementor-widget-image\" data-id=\"97e97d2\" data-element_type=\"widget\" data-widget_type=\"image.default\">\n\t\t\t\t<div class=\"elementor-widget-container\">\n\t\t\t\t\t\t\t\t\t\t\t\t\t\t\t<img decoding=\"async\" src=\"https:\/\/villa-georges-theunis.be\/wp-content\/uploads\/elementor\/thumbs\/veilig-welkomwebsite-1-oylm04pxesimklxman6ixab97sbkx2b4kg23cr79ck.jpg\" title=\"veilig-welkomwebsite-1\" alt=\"veilig-welkomwebsite-1\" loading=\"lazy\" \/>\t\t\t\t\t\t\t\t\t\t\t\t\t\t\t<\/div>\n\t\t\t\t<\/div>\n\t\t\t\t\t<\/div>\n\t\t<\/div>\n\t\t\t\t<div class=\"elementor-column elementor-col-50 elementor-inner-column elementor-element elementor-element-be548ae\" data-id=\"be548ae\" data-element_type=\"column\">\n\t\t\t<div class=\"elementor-widget-wrap elementor-element-populated\">\n\t\t\t\t\t\t\t\t<div class=\"elementor-element elementor-element-2a20bb7 elementor-widget elementor-widget-heading\" data-id=\"2a20bb7\" data-element_type=\"widget\" data-widget_type=\"heading.default\">\n\t\t\t\t<div class=\"elementor-widget-container\">\n\t\t\t<h2 class=\"elementor-heading-title elementor-size-default\">In De Haan k\u00f6nnen Sie sich entspannen.<\/h2>\t\t<\/div>\n\t\t\t\t<\/div>\n\t\t\t\t<div class=\"elementor-element elementor-element-3ccf325 elementor-widget elementor-widget-text-editor\" data-id=\"3ccf325\" data-element_type=\"widget\" data-widget_type=\"text-editor.default\">\n\t\t\t\t<div class=\"elementor-widget-container\">\n\t\t\t\t\t\t\t<p style=\"font-size: 18px; line-height: 2;\">Der Strand ist der l\u00e4ngste an der belgischen K\u00fcste und der einzige ohne Wellenbrecher. Es erstreckt sich \u00fcber mehr als 10 km. Sie k\u00f6nnen auch in den gr\u00fcnen Alleen mit Villen mit sch\u00f6nen D\u00e4chern, Balkonen, T\u00fcrmen und Fassaden mit Fachwerkstruktur spazieren. Sie k\u00f6nnen in den 157 ha bewaldeten D\u00fcnen auf malerisch angelegten Wanderwegen spazieren gehen. In den ausgedehnten Poldern k\u00f6nnen Sie endlos auf den zahlreichen ausgeschilderten Routen radeln. Es ist nicht verwunderlich, dass De Haan neben dem ersten Golfplatz von Belgien auch Platz f\u00fcr 3 Naturschutzgebiete bietet. Das Resort verf\u00fcgt auch \u00fcber alle m\u00f6glichen Sportinfrastrukturen.<\/p>\n\t\t\t\t\t\t<\/div>\n\t\t\t\t<\/div>\n\t\t\t\t\t<\/div>\n\t\t<\/div>\n\t\t\t\t\t\t\t<\/div>\n\t\t<\/section>\n\t\t\t\t<div class=\"elementor-element elementor-element-9bbd950 elementor-widget elementor-widget-spacer\" data-id=\"9bbd950\" data-element_type=\"widget\" data-widget_type=\"spacer.default\">\n\t\t\t\t<div class=\"elementor-widget-container\">\n\t\t\t\t\t<div class=\"elementor-spacer\">\n\t\t\t<div class=\"elementor-spacer-inner\"><\/div>\n\t\t<\/div>\n\t\t\t\t<\/div>\n\t\t\t\t<\/div>\n\t\t\t\t<section class=\"elementor-section elementor-inner-section elementor-element elementor-element-2fe66dd elementor-section-boxed elementor-section-height-default elementor-section-height-default\" data-id=\"2fe66dd\" data-element_type=\"section\">\n\t\t\t\t\t\t<div class=\"elementor-container elementor-column-gap-default\">\n\t\t\t\t\t<div class=\"elementor-column elementor-col-100 elementor-inner-column elementor-element elementor-element-b2d96a0\" data-id=\"b2d96a0\" data-element_type=\"column\">\n\t\t\t<div class=\"elementor-widget-wrap elementor-element-populated\">\n\t\t\t\t\t\t\t\t<div class=\"elementor-element elementor-element-dafa88a elementor-widget elementor-widget-themo-image-carousel-timeline\" data-id=\"dafa88a\" data-element_type=\"widget\" data-settings=\"{&quot;slides_to_show&quot;:&quot;3&quot;,&quot;navigation&quot;:&quot;both&quot;,&quot;pause_on_hover&quot;:&quot;yes&quot;,&quot;autoplay&quot;:&quot;yes&quot;,&quot;autoplay_speed&quot;:5000,&quot;speed&quot;:500,&quot;direction&quot;:&quot;ltr&quot;}\" data-widget_type=\"themo-image-carousel-timeline.default\">\n\t\t\t\t<div class=\"elementor-widget-container\">\n\t\t\t        <div class=\"elementor-image-carousel-wrapper elementor-slick-slider th-image-carousel-timeline\" dir=\"ltr\">\n            <div class=\"elementor-image-carousel slick-arrows-inside slick-dots-outside\" data-slick='{\"slidesToShow\":3,\"autoplay\":true,\"autoplaySpeed\":5000,\"infinite\":true,\"pauseOnHover\":true,\"speed\":500,\"arrows\":true,\"dots\":true,\"draggable\":true,\"centerMode\":true,\"rtl\":false,\"responsive\":[{\"breakpoint\":1025,\"settings\":{\"slidesToShow\":3,\"slidesToScroll\":1}},{\"breakpoint\":768,\"settings\":{\"slidesToShow\":3,\"slidesToScroll\":1}}],\"slidesToScroll\":1}'>\n                <div class=\"slick-slide\"><figure class=\"slick-slide-inner\"><img decoding=\"async\" class=\"slick-slide-image\" src=\"https:\/\/villa-georges-theunis.be\/wp-content\/uploads\/2022\/01\/luchfoto2-605x605.jpg\" alt=\"luchfoto2\" \/><\/figure><\/div><div class=\"slick-slide\"><figure class=\"slick-slide-inner\"><img decoding=\"async\" class=\"slick-slide-image\" src=\"https:\/\/villa-georges-theunis.be\/wp-content\/uploads\/2020\/08\/2020-64-605x600.jpg\" alt=\"2020-64\" \/><\/figure><\/div><div class=\"slick-slide\"><figure class=\"slick-slide-inner\"><img decoding=\"async\" class=\"slick-slide-image\" src=\"https:\/\/villa-georges-theunis.be\/wp-content\/uploads\/2020\/08\/2020-74-605x605.jpg\" alt=\"2020-74\" \/><\/figure><\/div><div class=\"slick-slide\"><figure class=\"slick-slide-inner\"><img decoding=\"async\" class=\"slick-slide-image\" src=\"https:\/\/villa-georges-theunis.be\/wp-content\/uploads\/2020\/08\/2020-66-605x605.jpg\" alt=\"2020-66\" \/><\/figure><\/div><div class=\"slick-slide\"><figure class=\"slick-slide-inner\"><img decoding=\"async\" class=\"slick-slide-image\" src=\"https:\/\/villa-georges-theunis.be\/wp-content\/uploads\/2020\/08\/2020-68-605x605.jpg\" alt=\"2020-68\" \/><\/figure><\/div>            <\/div>\n        <\/div>\n        \t\t<\/div>\n\t\t\t\t<\/div>\n\t\t\t\t\t<\/div>\n\t\t<\/div>\n\t\t\t\t\t\t\t<\/div>\n\t\t<\/section>\n\t\t\t\t<div class=\"elementor-element elementor-element-e69689a elementor-widget elementor-widget-spacer\" data-id=\"e69689a\" data-element_type=\"widget\" data-widget_type=\"spacer.default\">\n\t\t\t\t<div class=\"elementor-widget-container\">\n\t\t\t\t\t<div class=\"elementor-spacer\">\n\t\t\t<div class=\"elementor-spacer-inner\"><\/div>\n\t\t<\/div>\n\t\t\t\t<\/div>\n\t\t\t\t<\/div>\n\t\t\t\t<section class=\"elementor-section elementor-inner-section elementor-element elementor-element-e5d77d6 elementor-section-boxed elementor-section-height-default elementor-section-height-default\" data-id=\"e5d77d6\" data-element_type=\"section\">\n\t\t\t\t\t\t<div class=\"elementor-container elementor-column-gap-default\">\n\t\t\t\t\t<div class=\"elementor-column elementor-col-50 elementor-inner-column elementor-element elementor-element-1e7f3e9\" data-id=\"1e7f3e9\" data-element_type=\"column\">\n\t\t\t<div class=\"elementor-widget-wrap elementor-element-populated\">\n\t\t\t\t\t\t\t\t<div class=\"elementor-element elementor-element-17ac9bd elementor-widget elementor-widget-heading\" data-id=\"17ac9bd\" data-element_type=\"widget\" data-widget_type=\"heading.default\">\n\t\t\t\t<div class=\"elementor-widget-container\">\n\t\t\t<h2 class=\"elementor-heading-title elementor-size-large\">De Haan ist auch Kultur, Museen, Einkaufsm\u00f6glichkeiten und gutes Essen.<\/h2>\t\t<\/div>\n\t\t\t\t<\/div>\n\t\t\t\t<div class=\"elementor-element elementor-element-1ad5b62 elementor-widget elementor-widget-text-editor\" data-id=\"1ad5b62\" data-element_type=\"widget\" data-widget_type=\"text-editor.default\">\n\t\t\t\t<div class=\"elementor-widget-container\">\n\t\t\t\t\t\t\t<p style=\"font-size: 18px; line-height: 2;\">Neben Strand, Sonne und Sport k\u00f6nnen Sie auch kulturelle Veranstaltungen, Folklore und touristische Veranstaltungen genie\u00dfen: <a href=\"https:\/\/www.dehaan.be\/events\" target=\"_blank\" rel=\"noopener\">www.dehaan.be\/events<\/a><\/p>\n<p style=\"font-size: 18px; line-height: 2;\">De Haan liegt zentral an der K\u00fcste. Einkaufsm\u00f6glichkeiten, Kultur, Museen, Unesco-Erbe, Sterne-Restaurants, Kasino, &#8230; finden Sie in Br\u00fcgge in nur 15 km und in Ostende in 12 km Entfernung.<\/p>\n<p style=\"font-size: 18px; line-height: 2;\">Weitere Informationen unter : <a href=\"https:\/\/www.dehaan.be\" target=\"_blank\" rel=\"noopener\">www.dehaan.be<\/a> und <a href=\"https:\/\/visitdehaan.be\" target=\"_blank\" rel=\"noopener\">www.visitdehaan.be<\/a><\/p>\n\t\t\t\t\t\t<\/div>\n\t\t\t\t<\/div>\n\t\t\t\t\t<\/div>\n\t\t<\/div>\n\t\t\t\t<div class=\"elementor-column elementor-col-50 elementor-inner-column elementor-element elementor-element-70c57ef\" data-id=\"70c57ef\" data-element_type=\"column\">\n\t\t\t<div class=\"elementor-widget-wrap elementor-element-populated\">\n\t\t\t\t\t\t\t\t<div class=\"elementor-element elementor-element-58d4e26 elementor-widget elementor-widget-image\" data-id=\"58d4e26\" data-element_type=\"widget\" data-widget_type=\"image.default\">\n\t\t\t\t<div class=\"elementor-widget-container\">\n\t\t\t\t\t\t\t\t\t\t\t\t\t\t\t<img decoding=\"async\" src=\"https:\/\/villa-georges-theunis.be\/wp-content\/uploads\/elementor\/thumbs\/2020-74-oylly83pjvwp12pafbird9mlunpsb5qpz0fnbk0zys.jpg\" title=\"2020-74\" alt=\"2020-74\" loading=\"lazy\" \/>\t\t\t\t\t\t\t\t\t\t\t\t\t\t\t<\/div>\n\t\t\t\t<\/div>\n\t\t\t\t\t<\/div>\n\t\t<\/div>\n\t\t\t\t\t\t\t<\/div>\n\t\t<\/section>\n\t\t\t\t<div class=\"elementor-element elementor-element-583feb8 elementor-widget elementor-widget-spacer\" data-id=\"583feb8\" data-element_type=\"widget\" data-widget_type=\"spacer.default\">\n\t\t\t\t<div class=\"elementor-widget-container\">\n\t\t\t\t\t<div class=\"elementor-spacer\">\n\t\t\t<div class=\"elementor-spacer-inner\"><\/div>\n\t\t<\/div>\n\t\t\t\t<\/div>\n\t\t\t\t<\/div>\n\t\t\t\t<section class=\"elementor-section elementor-inner-section elementor-element elementor-element-0503c05 elementor-section-boxed elementor-section-height-default elementor-section-height-default\" data-id=\"0503c05\" data-element_type=\"section\">\n\t\t\t\t\t\t<div class=\"elementor-container elementor-column-gap-default\">\n\t\t\t\t\t<div class=\"elementor-column elementor-col-50 elementor-inner-column elementor-element elementor-element-6934925\" data-id=\"6934925\" data-element_type=\"column\" data-settings=\"{&quot;background_background&quot;:&quot;classic&quot;}\">\n\t\t\t<div class=\"elementor-widget-wrap elementor-element-populated\">\n\t\t\t\t\t\t\t\t<div class=\"elementor-element elementor-element-67a3ccc elementor-widget elementor-widget-text-editor\" data-id=\"67a3ccc\" data-element_type=\"widget\" data-widget_type=\"text-editor.default\">\n\t\t\t\t<div class=\"elementor-widget-container\">\n\t\t\t\t\t\t\t<h5>Empfehlungen f\u00fcr De Haan<\/h5>\n<p><a href=\"http:\/\/www.dekust.be\/de\/de-haan-wenduine\" target=\"_blank\" rel=\"noopener\">www.dekust.be\/de\/de-haan-wenduine<\/a><\/p>\n<ul>\n<li>Wanderrouten in den D\u00fcnenw\u00e4ldern: <a href=\"http:\/\/www.natuurenbos.be\/duinenbossendehaan\" target=\"_blank\" rel=\"noopener\">www.natuurenbos.be\/duinenbossendehaan<\/a><\/li>\n<li>Wandern in der anglonormandischen Wohngegend.<\/li>\n<li>Kartierte Radwege.<\/li>\n<li>Segeln, Windsurfen, Kitesurfen,&#8230;\u00a0 \u00a0<a href=\"https:\/\/www.windhaan.be\" target=\"_blank\" rel=\"noopener\">www.windhaan.be<\/a><\/li>\n<li>Tennis: drinnen (<a href=\"https:\/\/www.dehaansport.be\/infrastructuur\/sporthal\/\" target=\"_blank\" rel=\"noopener\">Haneveld<\/a>) und drau\u00dfen (<a href=\"https:\/\/www.brasserielapotiniere.com\/\" target=\"_blank\" rel=\"noopener\">Potini\u00e8re<\/a>\u00a0en <a href=\"https:\/\/www.tcpolderblomme.be\/\" target=\"_blank\" rel=\"noopener\">De Polderblomme<\/a>)<\/li>\n<li>Golf: <a href=\"http:\/\/www.golfoostende.be\/\" target=\"_blank\" rel=\"noopener\">Royal Golf Club<\/a> in De Haan, gegr\u00fcndet 1903, Meisterschaftsl\u00e4nge 5506 m, 70 Par.<\/li>\n<\/ul>\n\t\t\t\t\t\t<\/div>\n\t\t\t\t<\/div>\n\t\t\t\t\t<\/div>\n\t\t<\/div>\n\t\t\t\t<div class=\"elementor-column elementor-col-50 elementor-inner-column elementor-element elementor-element-b940dda\" data-id=\"b940dda\" data-element_type=\"column\">\n\t\t\t<div class=\"elementor-widget-wrap elementor-element-populated\">\n\t\t\t\t\t\t\t\t<div class=\"elementor-element elementor-element-0359aef elementor-widget elementor-widget-text-editor\" data-id=\"0359aef\" data-element_type=\"widget\" data-widget_type=\"text-editor.default\">\n\t\t\t\t<div class=\"elementor-widget-container\">\n\t\t\t\t\t\t\t<h5>Empfohlene Ausfl\u00fcge an der K\u00fcste<\/h5>\n<ul>\n<li>De Panne Plopsaland: Vergn\u00fcgungspark f\u00fcr Kinder <a href=\"http:\/\/www.plopsa.be\" target=\"_blank\" rel=\"noopener\">www.plopsa.be<\/a><\/li>\n<li>Ostende: Segelschiff Mercator <a href=\"http:\/\/www.zeilschipmercator.be\" target=\"_blank\" rel=\"noopener\">www.zeilschipmercator.be<\/a><\/li>\n<li>James Ensor House <a href=\"http:\/\/www.ensorstad.be\" target=\"_blank\" rel=\"noopener\">www.ensorstad.be<\/a><\/li>\n<li>Casino <a href=\"http:\/\/www.casinooostende.be\" target=\"_blank\" rel=\"noopener\">www.casinooostende.be<\/a> und Kursaal <a href=\"http:\/\/www.kursaaloostende.be\" target=\"_blank\" rel=\"noopener\">www.kursaaloostende.be<\/a><\/li>\n<li>Blankenberge Sea Life Center <a href=\"http:\/\/www.sealife.be\" target=\"_blank\" rel=\"noopener\">www.sealife.be and\u00a0<\/a>Serpentarium <a href=\"http:\/\/www.serpentarium.be\" target=\"_blank\" rel=\"noopener\">www.serpentarium.be<\/a><\/li>\n<li>Zeebrugge: Besuch des Hafens und des Windparks auf See.<\/li>\n<li>Knokke: Naturschutzgebiet \u2018t Zwin: <a href=\"http:\/\/www.zwin.be\" target=\"_blank\" rel=\"noopener\">www.zwin.be<\/a><\/li>\n<\/ul>\n\t\t\t\t\t\t<\/div>\n\t\t\t\t<\/div>\n\t\t\t\t\t<\/div>\n\t\t<\/div>\n\t\t\t\t\t\t\t<\/div>\n\t\t<\/section>\n\t\t\t\t<div class=\"elementor-element elementor-element-b47d8a9 elementor-widget elementor-widget-spacer\" data-id=\"b47d8a9\" data-element_type=\"widget\" data-widget_type=\"spacer.default\">\n\t\t\t\t<div class=\"elementor-widget-container\">\n\t\t\t\t\t<div class=\"elementor-spacer\">\n\t\t\t<div class=\"elementor-spacer-inner\"><\/div>\n\t\t<\/div>\n\t\t\t\t<\/div>\n\t\t\t\t<\/div>\n\t\t\t\t\t<\/div>\n\t\t<\/div>\n\t\t\t\t\t\t\t<\/div>\n\t\t<\/section>\n\t\t\t\t<section class=\"elementor-section elementor-top-section elementor-element elementor-element-750755e elementor-section-full_width elementor-section-height-default elementor-section-height-default\" data-id=\"750755e\" data-element_type=\"section\">\n\t\t\t\t\t\t<div class=\"elementor-container elementor-column-gap-no\">\n\t\t\t\t\t<div class=\"elementor-column elementor-col-100 elementor-top-column elementor-element elementor-element-c49535d\" data-id=\"c49535d\" data-element_type=\"column\">\n\t\t\t<div class=\"elementor-widget-wrap elementor-element-populated\">\n\t\t\t\t\t\t\t\t<div class=\"elementor-element elementor-element-aad0cc3 elementor-widget elementor-widget-google_maps\" data-id=\"aad0cc3\" data-element_type=\"widget\" data-widget_type=\"google_maps.default\">\n\t\t\t\t<div class=\"elementor-widget-container\">\n\t\t\t\t\t<div class=\"elementor-custom-embed\">\n\t\t\t<iframe loading=\"lazy\"\n\t\t\t\t\tsrc=\"https:\/\/maps.google.com\/maps?q=Koninklijke%20Baan%2055%2C%20De%20Haan&#038;t=m&#038;z=17&#038;output=embed&#038;iwloc=near\"\n\t\t\t\t\ttitle=\"Koninklijke Baan 55, De Haan\"\n\t\t\t\t\taria-label=\"Koninklijke Baan 55, De Haan\"\n\t\t\t><\/iframe>\n\t\t<\/div>\n\t\t\t\t<\/div>\n\t\t\t\t<\/div>\n\t\t\t\t\t<\/div>\n\t\t<\/div>\n\t\t\t\t\t\t\t<\/div>\n\t\t<\/section>\n\t\t\t\t\t\t\t<\/div>\n\t\t","protected":false},"excerpt":{"rendered":"<p>De Haan Meer, Strand, D\u00fcnen, W\u00e4lder und Belle-Epoque-Villen\u2026. De Haan, mehr als 100 Jahre Geschichte. De Haan ist ein angenehmer Familien-Badeort, der vor mehr als 100 Jahren in den D\u00fcnen gebaut wurde. Aufgrund strenger Urbanisierungsbestimmungen k\u00f6nnen Sie jetzt zwischen malerischen &hellip; <a href=\"https:\/\/villa-georges-theunis.be\/de\/de-haan\/\">Read More<\/a><\/p>\n","protected":false},"author":1,"featured_media":375,"parent":0,"menu_order":6,"comment_status":"closed","ping_status":"closed","template":"","meta":{"footnotes":""},"_links":{"self":[{"href":"https:\/\/villa-georges-theunis.be\/de\/wp-json\/wp\/v2\/pages\/824"}],"collection":[{"href":"https:\/\/villa-georges-theunis.be\/de\/wp-json\/wp\/v2\/pages"}],"about":[{"href":"https:\/\/villa-georges-theunis.be\/de\/wp-json\/wp\/v2\/types\/page"}],"author":[{"embeddable":true,"href":"https:\/\/villa-georges-theunis.be\/de\/wp-json\/wp\/v2\/users\/1"}],"replies":[{"embeddable":true,"href":"https:\/\/villa-georges-theunis.be\/de\/wp-json\/wp\/v2\/comments?post=824"}],"version-history":[{"count":10,"href":"https:\/\/villa-georges-theunis.be\/de\/wp-json\/wp\/v2\/pages\/824\/revisions"}],"predecessor-version":[{"id":2097,"href":"https:\/\/villa-georges-theunis.be\/de\/wp-json\/wp\/v2\/pages\/824\/revisions\/2097"}],"wp:featuredmedia":[{"embeddable":true,"href":"https:\/\/villa-georges-theunis.be\/de\/wp-json\/wp\/v2\/media\/375"}],"wp:attachment":[{"href":"https:\/\/villa-georges-theunis.be\/de\/wp-json\/wp\/v2\/media?parent=824"}],"curies":[{"name":"wp","href":"https:\/\/api.w.org\/{rel}","templated":true}]}}